{"id":71683,"date":"2023-03-14T20:11:00","date_gmt":"2023-03-15T00:11:00","guid":{"rendered":"https:\/\/devcan.mexxus.com\/starlimo\/limousine-terrebonne\/"},"modified":"2025-02-27T11:24:55","modified_gmt":"2025-02-27T16:24:55","slug":"limousine-terrebonne","status":"publish","type":"page","link":"https:\/\/starlimousines.ca\/fr\/limousine-terrebonne\/","title":{"rendered":"Limousine Terrebonne"},"content":{"rendered":"<p>[et_pb_section fb_built=\u00a0\u00bb1&Prime; custom_padding_last_edited=\u00a0\u00bbon|phone\u00a0\u00bb _builder_version=\u00a0\u00bb4.20.2&Prime; background_color=\u00a0\u00bb#383838&Prime; background_image=\u00a0\u00bbhttps:\/\/starlimousines.ca\/wp-content\/uploads\/2023\/03\/corp-limo.jpg\u00a0\u00bb background_blend=\u00a0\u00bboverlay\u00a0\u00bb custom_padding=\u00a0\u00bb80px||80px||true|false\u00a0\u00bb custom_padding_tablet=\u00a0\u00bb\u00a0\u00bb custom_padding_phone=\u00a0\u00bb150px||80px||false|false\u00a0\u00bb global_colors_info=\u00a0\u00bb{}\u00a0\u00bb][et_pb_row use_custom_gutter=\u00a0\u00bbon\u00a0\u00bb gutter_width=\u00a0\u00bb2&Prime; make_equal=\u00a0\u00bbon\u00a0\u00bb _builder_version=\u00a0\u00bb4.16&Prime; width_tablet=\u00a0\u00bb90%\u00a0\u00bb width_phone=\u00a0\u00bb90%\u00a0\u00bb width_last_edited=\u00a0\u00bboff|desktop\u00a0\u00bb max_width_tablet=\u00a0\u00bb90%\u00a0\u00bb max_width_phone=\u00a0\u00bb90%\u00a0\u00bb max_width_last_edited=\u00a0\u00bboff|desktop\u00a0\u00bb custom_padding=\u00a0\u00bb14px|||||\u00a0\u00bb global_colors_info=\u00a0\u00bb{}\u00a0\u00bb][et_pb_column type=\u00a0\u00bb4_4&Prime; _builder_version=\u00a0\u00bb4.16&Prime; global_colors_info=\u00a0\u00bb{}\u00a0\u00bb][et_pb_text _builder_version=\u00a0\u00bb4.20.2&Prime; header_font=\u00a0\u00bbMontserrat|800||on|||||\u00a0\u00bb header_text_color=\u00a0\u00bbrgba(143,143,143,0.21)\u00a0\u00bb header_font_size=\u00a0\u00bb400px\u00a0\u00bb header_line_height=\u00a0\u00bb0em\u00a0\u00bb header_3_font=\u00a0\u00bbMontserrat|800|||||||\u00a0\u00bb header_3_text_color=\u00a0\u00bbrgba(255,255,255,0.18)\u00a0\u00bb header_3_font_size=\u00a0\u00bb400px\u00a0\u00bb header_3_line_height=\u00a0\u00bb0em\u00a0\u00bb custom_margin=\u00a0\u00bb|||-55px\u00a0\u00bb animation_direction=\u00a0\u00bbleft\u00a0\u00bb header_font_size_tablet=\u00a0\u00bb\u00a0\u00bb header_font_size_phone=\u00a0\u00bb200px\u00a0\u00bb header_font_size_last_edited=\u00a0\u00bbon|phone\u00a0\u00bb global_colors_info=\u00a0\u00bb{}\u00a0\u00bb]<\/p>\n<h3>T<\/h3>\n<p>[\/et_pb_text][et_pb_text _builder_version=\u00a0\u00bb4.20.2&Prime; header_font=\u00a0\u00bbMontserrat|800||on|||||\u00a0\u00bb header_text_color=\u00a0\u00bb#ffffff\u00a0\u00bb header_font_size=\u00a0\u00bb70px\u00a0\u00bb header_line_height=\u00a0\u00bb1.2em\u00a0\u00bb animation_direction=\u00a0\u00bbright\u00a0\u00bb header_font_size_tablet=\u00a0\u00bb50px\u00a0\u00bb header_font_size_phone=\u00a0\u00bb35px\u00a0\u00bb header_font_size_last_edited=\u00a0\u00bbon|desktop\u00a0\u00bb global_colors_info=\u00a0\u00bb{}\u00a0\u00bb]<\/p>\n<h1>Limousine Terrebonne<\/h1>\n<p>[\/et_pb_text][\/et_pb_column][\/et_pb_row][\/et_pb_section][et_pb_section fb_built=\u00a0\u00bb1&Prime; _builder_version=\u00a0\u00bb4.20.2&Prime; custom_padding=\u00a0\u00bb40px||40px||true|false\u00a0\u00bb global_colors_info=\u00a0\u00bb{}\u00a0\u00bb][et_pb_row use_custom_gutter=\u00a0\u00bbon\u00a0\u00bb gutter_width=\u00a0\u00bb2&Prime; make_equal=\u00a0\u00bbon\u00a0\u00bb _builder_version=\u00a0\u00bb4.20.2&Prime; width_tablet=\u00a0\u00bb90%\u00a0\u00bb width_phone=\u00a0\u00bb90%\u00a0\u00bb width_last_edited=\u00a0\u00bboff|desktop\u00a0\u00bb max_width_tablet=\u00a0\u00bb90%\u00a0\u00bb max_width_phone=\u00a0\u00bb90%\u00a0\u00bb max_width_last_edited=\u00a0\u00bboff|desktop\u00a0\u00bb custom_padding=\u00a0\u00bb0px||0px||true|\u00a0\u00bb global_colors_info=\u00a0\u00bb{}\u00a0\u00bb][et_pb_column type=\u00a0\u00bb4_4&Prime; _builder_version=\u00a0\u00bb4.16&Prime; global_colors_info=\u00a0\u00bb{}\u00a0\u00bb][et_pb_text _builder_version=\u00a0\u00bb4.20.2&Prime; header_font=\u00a0\u00bbPoppins|700|||||||\u00a0\u00bb header_text_color=\u00a0\u00bb#000000&Prime; header_font_size=\u00a0\u00bb35px\u00a0\u00bb header_line_height=\u00a0\u00bb1.3em\u00a0\u00bb header_2_font=\u00a0\u00bbMontserrat||||||||\u00a0\u00bb header_2_font_size=\u00a0\u00bb28px\u00a0\u00bb header_3_font=\u00a0\u00bbMontserrat|500|||||||\u00a0\u00bb custom_margin_tablet=\u00a0\u00bb-10px||||false|false\u00a0\u00bb custom_margin_phone=\u00a0\u00bb-10px||||false|false\u00a0\u00bb custom_margin_last_edited=\u00a0\u00bbon|desktop\u00a0\u00bb header_font_size_tablet=\u00a0\u00bb\u00a0\u00bb header_font_size_phone=\u00a0\u00bb30px\u00a0\u00bb header_font_size_last_edited=\u00a0\u00bbon|desktop\u00a0\u00bb global_colors_info=\u00a0\u00bb{}\u00a0\u00bb]<\/p>\n<h2><strong>Location de limousine Terrebonne<\/strong> Quebec<\/h2>\n<p>[\/et_pb_text][\/et_pb_column][\/et_pb_row][et_pb_row column_structure=\u00a0\u00bb1_2,1_2&Prime; use_custom_gutter=\u00a0\u00bbon\u00a0\u00bb gutter_width=\u00a0\u00bb2&Prime; make_equal=\u00a0\u00bbon\u00a0\u00bb _builder_version=\u00a0\u00bb4.20.2&Prime; width_tablet=\u00a0\u00bb90%\u00a0\u00bb width_phone=\u00a0\u00bb90%\u00a0\u00bb width_last_edited=\u00a0\u00bboff|desktop\u00a0\u00bb max_width_tablet=\u00a0\u00bb90%\u00a0\u00bb max_width_phone=\u00a0\u00bb90%\u00a0\u00bb max_width_last_edited=\u00a0\u00bboff|desktop\u00a0\u00bb custom_padding=\u00a0\u00bb10px||10px||true|false\u00a0\u00bb global_colors_info=\u00a0\u00bb{}\u00a0\u00bb][et_pb_column type=\u00a0\u00bb1_2&Prime; _builder_version=\u00a0\u00bb4.16&Prime; global_colors_info=\u00a0\u00bb{}\u00a0\u00bb][et_pb_text _builder_version=\u00a0\u00bb4.20.2&Prime; text_font=\u00a0\u00bbMontserrat|300|||||||\u00a0\u00bb text_text_color=\u00a0\u00bb#000000&Prime; text_font_size=\u00a0\u00bb15px\u00a0\u00bb max_width_tablet=\u00a0\u00bb100%\u00a0\u00bb max_width_phone=\u00a0\u00bb\u00a0\u00bb max_width_last_edited=\u00a0\u00bbon|desktop\u00a0\u00bb custom_margin=\u00a0\u00bb||||false|false\u00a0\u00bb custom_margin_tablet=\u00a0\u00bb-26px||||false|false\u00a0\u00bb custom_margin_phone=\u00a0\u00bb0px||||false|false\u00a0\u00bb custom_margin_last_edited=\u00a0\u00bbon|desktop\u00a0\u00bb global_colors_info=\u00a0\u00bb{}\u00a0\u00bb]<\/p>\n<p>C\u00e9l\u00e9brez vos occasions sp\u00e9ciales avec Star Limousines \u00e0 Terrebonne.<\/p>\n<p>Depuis plus de 10 ans, Star Limousines s\u2019est b\u00e2ti une solide r\u00e9putation en tant que fournisseur de services de limousine. Forts d\u2019une exp\u00e9rience enviable, nos chauffeurs courtois et professionnels assurent le transport de luxe pour toutes vos occasions sp\u00e9ciales en plein c\u0153ur de Terrebonne.<\/p>\n<p>Forts d\u2019une exp\u00e9rience enviable, nos chauffeurs courtois et professionnels assurent le transport de luxe pour toutes vos occasions sp\u00e9ciales en plein c\u0153ur de Terrebonne.<\/p>\n<p>D\u00e9placez-vous en style et en confort gr\u00e2ce \u00e0 notre flotte comprenant les derniers mod\u00e8les exclusifs de limousines.<\/p>\n<p>[\/et_pb_text][et_pb_text _builder_version=\u00a0\u00bb4.27.4&Prime; _module_preset=\u00a0\u00bbdefault\u00a0\u00bb text_font=\u00a0\u00bb&#8211;et_global_body_font|300|||||||\u00a0\u00bb text_text_color=\u00a0\u00bb#000000&Prime; text_font_size=\u00a0\u00bb15px\u00a0\u00bb hover_enabled=\u00a0\u00bb0&Prime; sticky_enabled=\u00a0\u00bb0&Prime;]<\/p>\n<p>\u00c0 Terrebonne, l&rsquo;\u00e9l\u00e9gance rencontre le confort avec Star Limousines, votre partenaire de choix pour des d\u00e9placements raffin\u00e9s. Que vous planifiez une <a href=\"https:\/\/starlimousines.ca\/fr\/evenements-speciaux\/\">soir\u00e9e sp\u00e9ciale<\/a>, un <a href=\"https:\/\/starlimousines.ca\/fr\/location-limousine-mariage\/\">mariage<\/a> m\u00e9morable ou un \u00e9v\u00e9nement corporatif, nous nous engageons \u00e0 transformer chaque trajet en un moment exceptionnel. Nos limousines, soigneusement entretenues et dot\u00e9es des derni\u00e8res technologies, vous assurent une exp\u00e9rience de transport \u00e0 la hauteur de vos attentes.<\/p>\n<p>Avec une \u00e9quipe de chauffeurs exp\u00e9riment\u00e9s et courtois de limousine terrebonne, vous b\u00e9n\u00e9ficierez d&rsquo;un service personnalis\u00e9 qui placera votre satisfaction au c\u0153ur de nos priorit\u00e9s. Chaque d\u00e9tail est pens\u00e9 pour garantir que vous voyagiez en toute s\u00e9r\u00e9nit\u00e9 et dans le luxe. En choisissant Star Limousines, vous ne r\u00e9servez pas seulement un v\u00e9hicule, mais vous optez pour une exp\u00e9rience de transport unique, \u00e0 l\u2019image de vos \u00e9v\u00e9nements importants. Notre r\u00e9putation de service impeccable et notre engagement envers l&rsquo;excellence nous distinguent dans le paysage du transport de luxe \u00e0 Terrebonne. Alors, laissez-nous vous conduire vers vos destinations tout en vous offrant l&rsquo;opulence et le confort que vous m\u00e9ritez.<\/p>\n<p>Avec Star Limousines, chaque trajet devient une c\u00e9l\u00e9bration. N&rsquo;attendez plus pour faire de votre prochaine sortie un moment inoubliable, <a href=\"https:\/\/starlimousines.ca\/fr\/contactez-nous\/\">contactez-nous d\u00e8s maintenant<\/a> pour r\u00e9server votre limousine et d\u00e9couvrir pourquoi de nombreux clients nous font confiance pour leurs besoins de transport dans la r\u00e9gion de Terrebonne.<\/p>\n<p>[\/et_pb_text][et_pb_text _builder_version=\u00a0\u00bb4.27.4&Prime; text_font=\u00a0\u00bbMontserrat|300|||||||\u00a0\u00bb text_text_color=\u00a0\u00bb#000000&Prime; text_font_size=\u00a0\u00bb15px\u00a0\u00bb max_width_tablet=\u00a0\u00bb100%\u00a0\u00bb max_width_phone=\u00a0\u00bb\u00a0\u00bb max_width_last_edited=\u00a0\u00bbon|desktop\u00a0\u00bb custom_margin=\u00a0\u00bb||||false|false\u00a0\u00bb custom_margin_tablet=\u00a0\u00bb-26px||||false|false\u00a0\u00bb custom_margin_phone=\u00a0\u00bb0px||||false|false\u00a0\u00bb custom_margin_last_edited=\u00a0\u00bbon|desktop\u00a0\u00bb hover_enabled=\u00a0\u00bb0&Prime; global_colors_info=\u00a0\u00bb{}\u00a0\u00bb sticky_enabled=\u00a0\u00bb0&Prime;]<\/p>\n<p><a href=\"https:\/\/starlimousines.ca\/fr\/contactez-nous\/\">Appelez-nous d\u00e8s aujourd&rsquo;hui<\/a> pour d\u00e9couvrir nos services exceptionnels et r\u00e9servez votre somptueuse <strong>limousine Terrebonne<\/strong> pour profiter d&rsquo;une exp\u00e9rience de transport inoubliable.<\/p>\n<p>[\/et_pb_text][\/et_pb_column][et_pb_column type=\u00a0\u00bb1_2&Prime; _builder_version=\u00a0\u00bb4.16&Prime; global_colors_info=\u00a0\u00bb{}\u00a0\u00bb][et_pb_image src=\u00a0\u00bbhttps:\/\/starlimousines.ca\/wp-content\/uploads\/2025\/02\/limousine-ppl.jpg\u00a0\u00bb _builder_version=\u00a0\u00bb4.27.4&Prime; _module_preset=\u00a0\u00bbdefault\u00a0\u00bb alt=\u00a0\u00bbLimousine Terrebonne\u00a0\u00bb hover_enabled=\u00a0\u00bb0&Prime; sticky_enabled=\u00a0\u00bb0&Prime;][\/et_pb_image][et_pb_text _builder_version=\u00a0\u00bb4.27.4&Prime; text_font=\u00a0\u00bbMontserrat|300|||||||\u00a0\u00bb text_text_color=\u00a0\u00bb#000000&Prime; text_font_size=\u00a0\u00bb15px\u00a0\u00bb header_3_font_size=\u00a0\u00bb18px\u00a0\u00bb max_width_tablet=\u00a0\u00bb100%\u00a0\u00bb max_width_phone=\u00a0\u00bb\u00a0\u00bb max_width_last_edited=\u00a0\u00bbon|desktop\u00a0\u00bb custom_margin=\u00a0\u00bb||||false|false\u00a0\u00bb custom_margin_tablet=\u00a0\u00bb-26px||||false|false\u00a0\u00bb custom_margin_phone=\u00a0\u00bb0px||||false|false\u00a0\u00bb custom_margin_last_edited=\u00a0\u00bbon|desktop\u00a0\u00bb hover_enabled=\u00a0\u00bb0&Prime; global_colors_info=\u00a0\u00bb{}\u00a0\u00bb sticky_enabled=\u00a0\u00bb0&Prime;]<\/p>\n<h3>Nous proposons une gamme vari\u00e9e de services de transport en limousine terrebonne, adapt\u00e9e \u00e0 tous vos besoins sp\u00e9cifiques pour garantir un voyage agr\u00e9able et luxueux, que ce soit pour des \u00e9v\u00e9nements sp\u00e9ciaux, des transferts a\u00e9roport ou des occasions professionnelles.<\/h3>\n<p>[\/et_pb_text][et_pb_blurb title=\u00a0\u00bbA\u00e9roport\u00a0\u00bb use_icon=\u00a0\u00bbon\u00a0\u00bb font_icon=\u00a0\u00bb&#xf072;||fa||900&Prime; icon_color=\u00a0\u00bb#000000&Prime; icon_placement=\u00a0\u00bbleft\u00a0\u00bb image_icon_width=\u00a0\u00bb40px\u00a0\u00bb _builder_version=\u00a0\u00bb4.20.2&Prime; _module_preset=\u00a0\u00bbdefault\u00a0\u00bb link_option_url=\u00a0\u00bbhttps:\/\/starlimousines.ca\/fr\/service-corporatif\/\u00a0\u00bb global_colors_info=\u00a0\u00bb{}\u00a0\u00bb]<\/p>\n<p>Pour vous rendre ou quitter l\u2019a\u00e9roport<\/p>\n<p>[\/et_pb_blurb][et_pb_blurb title=\u00a0\u00bbMariage\u00a0\u00bb use_icon=\u00a0\u00bbon\u00a0\u00bb font_icon=\u00a0\u00bb&#xf79f;||fa||900&Prime; icon_color=\u00a0\u00bb#000000&Prime; icon_placement=\u00a0\u00bbleft\u00a0\u00bb image_icon_width=\u00a0\u00bb40px\u00a0\u00bb _builder_version=\u00a0\u00bb4.20.2&Prime; _module_preset=\u00a0\u00bbdefault\u00a0\u00bb link_option_url=\u00a0\u00bbhttps:\/\/starlimousines.ca\/fr\/location-limousine-mariage\/\u00a0\u00bb global_colors_info=\u00a0\u00bb{}\u00a0\u00bb]<\/p>\n<p>Pour c\u00e9l\u00e9brer un mariage<\/p>\n<p>[\/et_pb_blurb][et_pb_blurb title=\u00a0\u00bb\u00c9v\u00e9nements sp\u00e9ciaux\u00a0\u00bb use_icon=\u00a0\u00bbon\u00a0\u00bb font_icon=\u00a0\u00bb&#xf1fd;||fa||900&Prime; icon_color=\u00a0\u00bb#000000&Prime; icon_placement=\u00a0\u00bbleft\u00a0\u00bb image_icon_width=\u00a0\u00bb40px\u00a0\u00bb _builder_version=\u00a0\u00bb4.20.2&Prime; _module_preset=\u00a0\u00bbdefault\u00a0\u00bb link_option_url=\u00a0\u00bbhttps:\/\/starlimousines.ca\/fr\/evenements-speciaux\/\u00a0\u00bb global_colors_info=\u00a0\u00bb{}\u00a0\u00bb]<\/p>\n<p>Pour f\u00eater ou vous rendre \u00e0 une f\u00eate<\/p>\n<p>[\/et_pb_blurb][et_pb_button button_url=\u00a0\u00bbhttps:\/\/starlimousines.ca\/fr\/contactez-nous\/\u00a0\u00bb button_text=\u00a0\u00bbOBTENEZ UNE ESTIMATION GRATUITE\u00a0\u00bb _builder_version=\u00a0\u00bb4.20.2&Prime; custom_button=\u00a0\u00bbon\u00a0\u00bb button_text_size=\u00a0\u00bb14px\u00a0\u00bb button_text_color=\u00a0\u00bb#ffffff\u00a0\u00bb button_bg_color=\u00a0\u00bb#383838&Prime; button_border_width=\u00a0\u00bb1px\u00a0\u00bb button_border_color=\u00a0\u00bb#383838&Prime; button_border_radius=\u00a0\u00bb0px\u00a0\u00bb button_letter_spacing=\u00a0\u00bb1px\u00a0\u00bb button_font=\u00a0\u00bbPoppins|||on|||||\u00a0\u00bb button_use_icon=\u00a0\u00bboff\u00a0\u00bb custom_margin=\u00a0\u00bb40px||||false|false\u00a0\u00bb custom_padding=\u00a0\u00bb14px|45px|14px|45px|true|true\u00a0\u00bb global_colors_info=\u00a0\u00bb{}\u00a0\u00bb button_text_color__hover_enabled=\u00a0\u00bbon|desktop\u00a0\u00bb button_text_color__hover=\u00a0\u00bb#474747&Prime; button_bg_color__hover_enabled=\u00a0\u00bbon\u00a0\u00bb button_bg_color__hover=\u00a0\u00bb#bfbfbf\u00a0\u00bb button_bg_enable_color__hover=\u00a0\u00bbon\u00a0\u00bb button_border_color__hover_enabled=\u00a0\u00bbon|hover\u00a0\u00bb button_border_color__hover=\u00a0\u00bb#bfbfbf\u00a0\u00bb button_letter_spacing__hover_enabled=\u00a0\u00bbon\u00a0\u00bb button_letter_spacing__hover=\u00a0\u00bb1px\u00a0\u00bb][\/et_pb_button][\/et_pb_column][\/et_pb_row][\/et_pb_section][et_pb_section fb_built=\u00a0\u00bb1&Prime; _builder_version=\u00a0\u00bb4.20.2&Prime; _module_preset=\u00a0\u00bbdefault\u00a0\u00bb background_color=\u00a0\u00bb#f4f4f4&Prime; global_colors_info=\u00a0\u00bb{}\u00a0\u00bb][et_pb_row _builder_version=\u00a0\u00bb4.20.2&Prime; _module_preset=\u00a0\u00bbdefault\u00a0\u00bb global_colors_info=\u00a0\u00bb{}\u00a0\u00bb][et_pb_column type=\u00a0\u00bb4_4&Prime; _builder_version=\u00a0\u00bb4.20.2&Prime; _module_preset=\u00a0\u00bbdefault\u00a0\u00bb global_colors_info=\u00a0\u00bb{}\u00a0\u00bb][testify_carousel arrows_icon_bg_color=\u00a0\u00bb#000000&Prime; pagination_bg_color_active=\u00a0\u00bb#000000&Prime; rating_color_active=\u00a0\u00bb#000000&Prime; rating_color=\u00a0\u00bb#000000&Prime; rating_size=\u00a0\u00bb24px\u00a0\u00bb _builder_version=\u00a0\u00bb4.20.2&Prime; _module_preset=\u00a0\u00bbdefault\u00a0\u00bb content_text_font=\u00a0\u00bb|300|||||||\u00a0\u00bb content_text_text_align=\u00a0\u00bbcenter\u00a0\u00bb content_text_text_color=\u00a0\u00bb#000000&Prime; content_text_font_size=\u00a0\u00bb18px\u00a0\u00bb author_font=\u00a0\u00bb|700|||||||\u00a0\u00bb author_text_align=\u00a0\u00bbcenter\u00a0\u00bb global_colors_info=\u00a0\u00bb{}\u00a0\u00bb][testify_carousel_child item=\u00a0\u00bbimage\u00a0\u00bb item_title=\u00a0\u00bbFeatured Image\u00a0\u00bb _builder_version=\u00a0\u00bb3.0.47&Prime; global_colors_info=\u00a0\u00bb{}\u00a0\u00bb][\/testify_carousel_child][testify_carousel_child item=\u00a0\u00bbtestimonialrating\u00a0\u00bb item_title=\u00a0\u00bbRating\u00a0\u00bb _builder_version=\u00a0\u00bb3.0.47&Prime; global_colors_info=\u00a0\u00bb{}\u00a0\u00bb][\/testify_carousel_child][testify_carousel_child item=\u00a0\u00bbcontent\u00a0\u00bb item_title=\u00a0\u00bbContent\u00a0\u00bb _builder_version=\u00a0\u00bb3.0.47&Prime; global_colors_info=\u00a0\u00bb{}\u00a0\u00bb][\/testify_carousel_child][testify_carousel_child item=\u00a0\u00bbtestimonialauthor\u00a0\u00bb item_title=\u00a0\u00bbAuthor\u00a0\u00bb _builder_version=\u00a0\u00bb3.0.47&Prime; global_colors_info=\u00a0\u00bb{}\u00a0\u00bb][\/testify_carousel_child][\/testify_carousel][\/et_pb_column][\/et_pb_row][\/et_pb_section]<\/p>\n","protected":false},"excerpt":{"rendered":"<p>TLimousine TerrebonneLocation de limousine Terrebonne QuebecC\u00e9l\u00e9brez vos occasions sp\u00e9ciales avec Star Limousines \u00e0 Terrebonne. Depuis plus de 10 ans, Star Limousines s\u2019est b\u00e2ti une solide r\u00e9putation en tant que fournisseur de services de limousine. Forts d\u2019une exp\u00e9rience enviable, nos chauffeurs courtois et professionnels assurent le transport de luxe pour toutes vos occasions sp\u00e9ciales en plein [&hellip;]<\/p>\n","protected":false},"author":1,"featured_media":0,"parent":0,"menu_order":0,"comment_status":"closed","ping_status":"closed","template":"","meta":{"_et_pb_use_builder":"on","_et_pb_old_content":"","_et_gb_content_width":"","footnotes":""},"class_list":["post-71683","page","type-page","status-publish","hentry"],"_links":{"self":[{"href":"https:\/\/starlimousines.ca\/fr\/wp-json\/wp\/v2\/pages\/71683","targetHints":{"allow":["GET"]}}],"collection":[{"href":"https:\/\/starlimousines.ca\/fr\/wp-json\/wp\/v2\/pages"}],"about":[{"href":"https:\/\/starlimousines.ca\/fr\/wp-json\/wp\/v2\/types\/page"}],"author":[{"embeddable":true,"href":"https:\/\/starlimousines.ca\/fr\/wp-json\/wp\/v2\/users\/1"}],"replies":[{"embeddable":true,"href":"https:\/\/starlimousines.ca\/fr\/wp-json\/wp\/v2\/comments?post=71683"}],"version-history":[{"count":0,"href":"https:\/\/starlimousines.ca\/fr\/wp-json\/wp\/v2\/pages\/71683\/revisions"}],"wp:attachment":[{"href":"https:\/\/starlimousines.ca\/fr\/wp-json\/wp\/v2\/media?parent=71683"}],"curies":[{"name":"wp","href":"https:\/\/api.w.org\/{rel}","templated":true}]}}