{"id":71647,"date":"2023-03-13T16:29:31","date_gmt":"2023-03-13T20:29:31","guid":{"rendered":"https:\/\/devcan.mexxus.com\/starlimo\/service-corporatif\/"},"modified":"2023-03-24T09:07:56","modified_gmt":"2023-03-24T13:07:56","slug":"service-corporatif","status":"publish","type":"page","link":"https:\/\/starlimousines.ca\/fr\/service-corporatif\/","title":{"rendered":"Service Corporatif"},"content":{"rendered":"<p>[et_pb_section fb_built=\u00a0\u00bb1&Prime; custom_padding_last_edited=\u00a0\u00bbon|phone\u00a0\u00bb _builder_version=\u00a0\u00bb4.20.2&Prime; background_color=\u00a0\u00bb#383838&Prime; background_image=\u00a0\u00bbhttps:\/\/starlimousines.ca\/wp-content\/uploads\/2023\/03\/corp-limo.jpg\u00a0\u00bb background_position=\u00a0\u00bbtop_center\u00a0\u00bb background_blend=\u00a0\u00bboverlay\u00a0\u00bb custom_padding=\u00a0\u00bb80px||80px||true|false\u00a0\u00bb custom_padding_tablet=\u00a0\u00bb\u00a0\u00bb custom_padding_phone=\u00a0\u00bb150px||80px||false|false\u00a0\u00bb global_colors_info=\u00a0\u00bb{}\u00a0\u00bb][et_pb_row use_custom_gutter=\u00a0\u00bbon\u00a0\u00bb gutter_width=\u00a0\u00bb2&Prime; make_equal=\u00a0\u00bbon\u00a0\u00bb _builder_version=\u00a0\u00bb4.16&Prime; width_tablet=\u00a0\u00bb90%\u00a0\u00bb width_phone=\u00a0\u00bb90%\u00a0\u00bb width_last_edited=\u00a0\u00bboff|desktop\u00a0\u00bb max_width_tablet=\u00a0\u00bb90%\u00a0\u00bb max_width_phone=\u00a0\u00bb90%\u00a0\u00bb max_width_last_edited=\u00a0\u00bboff|desktop\u00a0\u00bb custom_padding=\u00a0\u00bb14px|||||\u00a0\u00bb global_colors_info=\u00a0\u00bb{}\u00a0\u00bb][et_pb_column type=\u00a0\u00bb4_4&Prime; _builder_version=\u00a0\u00bb4.16&Prime; global_colors_info=\u00a0\u00bb{}\u00a0\u00bb][et_pb_text _builder_version=\u00a0\u00bb4.20.2&Prime; header_font=\u00a0\u00bbMontserrat|800||on|||||\u00a0\u00bb header_text_color=\u00a0\u00bbrgba(143,143,143,0.21)\u00a0\u00bb header_font_size=\u00a0\u00bb400px\u00a0\u00bb header_line_height=\u00a0\u00bb0em\u00a0\u00bb header_3_font=\u00a0\u00bbMontserrat|800|||||||\u00a0\u00bb header_3_text_color=\u00a0\u00bbrgba(255,255,255,0.18)\u00a0\u00bb header_3_font_size=\u00a0\u00bb400px\u00a0\u00bb header_3_line_height=\u00a0\u00bb0em\u00a0\u00bb custom_margin=\u00a0\u00bb|||-55px\u00a0\u00bb animation_direction=\u00a0\u00bbleft\u00a0\u00bb header_font_size_tablet=\u00a0\u00bb\u00a0\u00bb header_font_size_phone=\u00a0\u00bb200px\u00a0\u00bb header_font_size_last_edited=\u00a0\u00bbon|phone\u00a0\u00bb global_colors_info=\u00a0\u00bb{}\u00a0\u00bb]<\/p>\n<h3>C<\/h3>\n<p>[\/et_pb_text][et_pb_text _builder_version=\u00a0\u00bb4.20.2&Prime; header_font=\u00a0\u00bbMontserrat|800||on|||||\u00a0\u00bb header_text_color=\u00a0\u00bb#ffffff\u00a0\u00bb header_font_size=\u00a0\u00bb70px\u00a0\u00bb header_line_height=\u00a0\u00bb1.2em\u00a0\u00bb animation_direction=\u00a0\u00bbright\u00a0\u00bb header_font_size_tablet=\u00a0\u00bb50px\u00a0\u00bb header_font_size_phone=\u00a0\u00bb35px\u00a0\u00bb header_font_size_last_edited=\u00a0\u00bbon|desktop\u00a0\u00bb global_colors_info=\u00a0\u00bb{}\u00a0\u00bb]<\/p>\n<h1>Service Corporatif<\/h1>\n<p>[\/et_pb_text][\/et_pb_column][\/et_pb_row][\/et_pb_section][et_pb_section fb_built=\u00a0\u00bb1&Prime; _builder_version=\u00a0\u00bb4.16&Prime; custom_padding=\u00a0\u00bb100px||100px||true|\u00a0\u00bb global_colors_info=\u00a0\u00bb{}\u00a0\u00bb][et_pb_row column_structure=\u00a0\u00bb1_2,1_2&Prime; use_custom_gutter=\u00a0\u00bbon\u00a0\u00bb gutter_width=\u00a0\u00bb2&Prime; make_equal=\u00a0\u00bbon\u00a0\u00bb _builder_version=\u00a0\u00bb4.16&Prime; width_tablet=\u00a0\u00bb90%\u00a0\u00bb width_phone=\u00a0\u00bb90%\u00a0\u00bb width_last_edited=\u00a0\u00bboff|desktop\u00a0\u00bb max_width_tablet=\u00a0\u00bb90%\u00a0\u00bb max_width_phone=\u00a0\u00bb90%\u00a0\u00bb max_width_last_edited=\u00a0\u00bboff|desktop\u00a0\u00bb custom_padding=\u00a0\u00bb0px||0px||true|\u00a0\u00bb global_colors_info=\u00a0\u00bb{}\u00a0\u00bb][et_pb_column type=\u00a0\u00bb1_2&Prime; _builder_version=\u00a0\u00bb4.16&Prime; global_colors_info=\u00a0\u00bb{}\u00a0\u00bb][et_pb_text _builder_version=\u00a0\u00bb4.20.2&Prime; header_font=\u00a0\u00bbPoppins|700|||||||\u00a0\u00bb header_text_color=\u00a0\u00bb#000000&Prime; header_font_size=\u00a0\u00bb35px\u00a0\u00bb header_line_height=\u00a0\u00bb1.3em\u00a0\u00bb header_3_font=\u00a0\u00bbMontserrat|500|||||||\u00a0\u00bb custom_margin_tablet=\u00a0\u00bb-10px||||false|false\u00a0\u00bb custom_margin_phone=\u00a0\u00bb-10px||||false|false\u00a0\u00bb custom_margin_last_edited=\u00a0\u00bbon|desktop\u00a0\u00bb header_font_size_tablet=\u00a0\u00bb\u00a0\u00bb header_font_size_phone=\u00a0\u00bb30px\u00a0\u00bb header_font_size_last_edited=\u00a0\u00bbon|desktop\u00a0\u00bb global_colors_info=\u00a0\u00bb{}\u00a0\u00bb]<\/p>\n<h3>Pour votre organisation, faites confiance \u00e0 Star Limousines comme votre fournisseur officiel de location de limousine<\/h3>\n<p>[\/et_pb_text][et_pb_text _builder_version=\u00a0\u00bb4.20.2&Prime; text_font=\u00a0\u00bbMontserrat|300|||||||\u00a0\u00bb text_text_color=\u00a0\u00bb#000000&Prime; text_font_size=\u00a0\u00bb15px\u00a0\u00bb max_width_tablet=\u00a0\u00bb100%\u00a0\u00bb max_width_phone=\u00a0\u00bb\u00a0\u00bb max_width_last_edited=\u00a0\u00bbon|desktop\u00a0\u00bb custom_margin=\u00a0\u00bb-16px||||false|false\u00a0\u00bb custom_margin_tablet=\u00a0\u00bb-26px||||false|false\u00a0\u00bb custom_margin_phone=\u00a0\u00bb-26px||||false|false\u00a0\u00bb custom_margin_last_edited=\u00a0\u00bbon|desktop\u00a0\u00bb global_colors_info=\u00a0\u00bb{}\u00a0\u00bb]Laisser Star Limousines fournir votre organisation avec un transport de premi\u00e8re classe qu\u2019elle m\u00e9rite. Nos chauffeurs qualifi\u00e9s vont accueillir tous vos besoins de transport, pour que vous vous pouvez vous assoir et vous pr\u00e9parez pour votre journ\u00e9e de travail.<\/p>\n<p>Soit un transfert de l\u2019a\u00e9roport, un party de bureau, une r\u00e9union avec un client important o\u00f9 une journ\u00e9e compl\u00e8te de service personnalis\u00e9, Star Limousines se lancera \u00e0 r\u00e9pondre \u00e0 tous vos besoins de transport de votre organisation. Star Limousines est d\u00e9di\u00e9 \u00e0 la cr\u00e9ation de partenariats avec ses clients afin de faciliter vos besoins de transport.<\/p>\n<p>Laisser nous g\u00e9rer votre transfert d\u2019a\u00e9roports de Montr\u00e9al.<\/p>\n<p>Un de nos chauffeurs professionnels accompagnera vous et vos invit\u00e9es jusqu\u2019\u00e0 votre destination, vous n\u2019avez pas \u00e0 vous occuper du stress d\u2019\u00eatre dans une nouvelle ville, le stationnement ou la circulation.[\/et_pb_text][et_pb_button button_text=\u00a0\u00bbCONTACTEZ-NOUS\u00a0\u00bb _builder_version=\u00a0\u00bb4.20.2&Prime; custom_button=\u00a0\u00bbon\u00a0\u00bb button_text_size=\u00a0\u00bb14px\u00a0\u00bb button_text_color=\u00a0\u00bb#ffffff\u00a0\u00bb button_bg_color=\u00a0\u00bb#383838&Prime; button_border_width=\u00a0\u00bb1px\u00a0\u00bb button_border_color=\u00a0\u00bb#383838&Prime; button_border_radius=\u00a0\u00bb0px\u00a0\u00bb button_letter_spacing=\u00a0\u00bb1px\u00a0\u00bb button_font=\u00a0\u00bbPoppins|||on|||||\u00a0\u00bb button_use_icon=\u00a0\u00bboff\u00a0\u00bb custom_margin=\u00a0\u00bb37px||||false|false\u00a0\u00bb custom_padding=\u00a0\u00bb14px|45px|14px|45px|true|true\u00a0\u00bb hover_enabled=\u00a0\u00bb0&Prime; global_colors_info=\u00a0\u00bb{}\u00a0\u00bb button_text_color__hover_enabled=\u00a0\u00bbon|desktop\u00a0\u00bb button_text_color__hover=\u00a0\u00bb#474747&Prime; button_bg_color__hover_enabled=\u00a0\u00bbon\u00a0\u00bb button_bg_color__hover=\u00a0\u00bb#bfbfbf\u00a0\u00bb button_bg_enable_color__hover=\u00a0\u00bbon\u00a0\u00bb button_border_color__hover_enabled=\u00a0\u00bbon|hover\u00a0\u00bb button_border_color__hover=\u00a0\u00bb#bfbfbf\u00a0\u00bb button_letter_spacing__hover_enabled=\u00a0\u00bbon\u00a0\u00bb button_letter_spacing__hover=\u00a0\u00bb1px\u00a0\u00bb button_url=\u00a0\u00bbhttps:\/\/starlimousines.ca\/fr\/contactez-nous\/\u00a0\u00bb sticky_enabled=\u00a0\u00bb0&Prime;][\/et_pb_button][\/et_pb_column][et_pb_column type=\u00a0\u00bb1_2&Prime; _builder_version=\u00a0\u00bb4.16&Prime; global_colors_info=\u00a0\u00bb{}\u00a0\u00bb][et_pb_image src=\u00a0\u00bbhttps:\/\/starlimousines.ca\/wp-content\/uploads\/2023\/03\/airport-limo.jpg\u00a0\u00bb title_text=\u00a0\u00bbairport-limo\u00a0\u00bb _builder_version=\u00a0\u00bb4.20.2&Prime; global_colors_info=\u00a0\u00bb{}\u00a0\u00bb][\/et_pb_image][et_pb_text _builder_version=\u00a0\u00bb4.20.2&Prime; _module_preset=\u00a0\u00bbdefault\u00a0\u00bb text_font=\u00a0\u00bbMontserrat|300|||||||\u00a0\u00bb text_text_color=\u00a0\u00bb#000000&Prime; text_font_size=\u00a0\u00bb15px\u00a0\u00bb max_width_tablet=\u00a0\u00bb100%\u00a0\u00bb max_width_phone=\u00a0\u00bb100%\u00a0\u00bb max_width_last_edited=\u00a0\u00bbon|desktop\u00a0\u00bb custom_margin=\u00a0\u00bb||||false|false\u00a0\u00bb custom_margin_tablet=\u00a0\u00bb-26px||||false|false\u00a0\u00bb custom_margin_phone=\u00a0\u00bb-26px||||false|false\u00a0\u00bb custom_margin_last_edited=\u00a0\u00bbon|desktop\u00a0\u00bb global_colors_info=\u00a0\u00bb{}\u00a0\u00bb]Pour nos clients qui visitent de l\u2019ext\u00e9rieure de la ville, nous pouvons \u00e9galement vous aider \u00e0 planifier votre s\u00e9jour dans la r\u00e9gion de Montr\u00e9al.<\/p>\n<p>Nos chauffeurs sont fiables, toujours \u00e0 l\u2019heure, courtois, et pr\u00eat \u00e0 fournir un service impeccable.<\/p>\n<p>Pour votre organisation, faites confiance \u00e0 Star Limousines comme votre fournisseur officiel de location de limousine.[\/et_pb_text][\/et_pb_column][\/et_pb_row][\/et_pb_section]<\/p>\n","protected":false},"excerpt":{"rendered":"<p>CService CorporatifPour votre organisation, faites confiance \u00e0 Star Limousines comme votre fournisseur officiel de location de limousineLaisser Star Limousines fournir votre organisation avec un transport de premi\u00e8re classe qu\u2019elle m\u00e9rite. Nos chauffeurs qualifi\u00e9s vont accueillir tous vos besoins de transport, pour que vous vous pouvez vous assoir et vous pr\u00e9parez pour votre journ\u00e9e de travail. [&hellip;]<\/p>\n","protected":false},"author":1,"featured_media":0,"parent":0,"menu_order":0,"comment_status":"closed","ping_status":"closed","template":"","meta":{"_et_pb_use_builder":"on","_et_pb_old_content":"","_et_gb_content_width":"","footnotes":""},"class_list":["post-71647","page","type-page","status-publish","hentry"],"_links":{"self":[{"href":"https:\/\/starlimousines.ca\/fr\/wp-json\/wp\/v2\/pages\/71647","targetHints":{"allow":["GET"]}}],"collection":[{"href":"https:\/\/starlimousines.ca\/fr\/wp-json\/wp\/v2\/pages"}],"about":[{"href":"https:\/\/starlimousines.ca\/fr\/wp-json\/wp\/v2\/types\/page"}],"author":[{"embeddable":true,"href":"https:\/\/starlimousines.ca\/fr\/wp-json\/wp\/v2\/users\/1"}],"replies":[{"embeddable":true,"href":"https:\/\/starlimousines.ca\/fr\/wp-json\/wp\/v2\/comments?post=71647"}],"version-history":[{"count":0,"href":"https:\/\/starlimousines.ca\/fr\/wp-json\/wp\/v2\/pages\/71647\/revisions"}],"wp:attachment":[{"href":"https:\/\/starlimousines.ca\/fr\/wp-json\/wp\/v2\/media?parent=71647"}],"curies":[{"name":"wp","href":"https:\/\/api.w.org\/{rel}","templated":true}]}}